{"id":776,"date":"2020-08-13T14:32:20","date_gmt":"2020-08-13T12:32:20","guid":{"rendered":"https:\/\/aleiashop.com\/it\/?post_type=product&#038;p=776"},"modified":"2023-05-08T08:18:08","modified_gmt":"2023-05-08T06:18:08","slug":"pest-repeller","status":"publish","type":"product","link":"https:\/\/getisfast.com\/it\/prodotto\/pest-repeller\/","title":{"rendered":"Pest Repeller"},"content":{"rendered":"","protected":false},"excerpt":{"rendered":"<p>Protegge la tua casa da parassiti come un&#8217;armatura protegge un soldato durante una guerra. Pest Repeller \u00e8 amico degli animali, rispettoso dell&#8217;ambiente e sicuro per i bambini. Non emette alcun suono quando \u00e8 in funzione, non emana forti odori irritanti e non rilascia nemmeno tossine dannose. Il modo pi\u00f9 affidabile per far tornare la tua casa un posto sicuro.<\/p>\n","protected":false},"featured_media":4362,"comment_status":"closed","ping_status":"closed","template":"","meta":{"inline_featured_image":false},"product_cat":[76,75,89],"product_tag":[],"acf":[],"_links":{"self":[{"href":"https:\/\/getisfast.com\/it\/wp-json\/wp\/v2\/product\/776"}],"collection":[{"href":"https:\/\/getisfast.com\/it\/wp-json\/wp\/v2\/product"}],"about":[{"href":"https:\/\/getisfast.com\/it\/wp-json\/wp\/v2\/types\/product"}],"replies":[{"embeddable":true,"href":"https:\/\/getisfast.com\/it\/wp-json\/wp\/v2\/comments?post=776"}],"wp:featuredmedia":[{"embeddable":true,"href":"https:\/\/getisfast.com\/it\/wp-json\/wp\/v2\/media\/4362"}],"wp:attachment":[{"href":"https:\/\/getisfast.com\/it\/wp-json\/wp\/v2\/media?parent=776"}],"wp:term":[{"taxonomy":"product_cat","embeddable":true,"href":"https:\/\/getisfast.com\/it\/wp-json\/wp\/v2\/product_cat?post=776"},{"taxonomy":"product_tag","embeddable":true,"href":"https:\/\/getisfast.com\/it\/wp-json\/wp\/v2\/product_tag?post=776"}],"curies":[{"name":"wp","href":"https:\/\/api.w.org\/{rel}","templated":true}]}}