{"id":37114,"date":"2023-08-02T10:06:57","date_gmt":"2023-08-02T08:06:57","guid":{"rendered":"https:\/\/getisfast.com\/it\/prodotto\/x-mop\/"},"modified":"2023-08-02T10:19:26","modified_gmt":"2023-08-02T08:19:26","slug":"x-mop","status":"publish","type":"product","link":"https:\/\/getisfast.com\/it\/prodotto\/x-mop\/","title":{"rendered":"X-Mop &#8211; Un rivoluzionario mocio autostrizzante"},"content":{"rendered":"","protected":false},"excerpt":{"rendered":"<p>X-Mop \u00e8 incredibilmente versatile e adatto a ogni tipo di pavimento. Dal parquet alle piastrelle, dal laminato al vinile, questo mocio offre sempre risultati straordinari. L\u2019azione pulente delicata ma efficace della testa in microfibra fa s\u00ec che i tuoi pavimenti vengano puliti a fondo senza danni o graffi. X-Mop \u00e8 un compagno di pulizie ideale che combina innovazione, praticit\u00e0 e prestazioni eccezionali.<\/p>\n","protected":false},"featured_media":37113,"comment_status":"closed","ping_status":"closed","template":"","meta":{"inline_featured_image":false},"product_cat":[178,193],"product_tag":[],"acf":[],"_links":{"self":[{"href":"https:\/\/getisfast.com\/it\/wp-json\/wp\/v2\/product\/37114"}],"collection":[{"href":"https:\/\/getisfast.com\/it\/wp-json\/wp\/v2\/product"}],"about":[{"href":"https:\/\/getisfast.com\/it\/wp-json\/wp\/v2\/types\/product"}],"replies":[{"embeddable":true,"href":"https:\/\/getisfast.com\/it\/wp-json\/wp\/v2\/comments?post=37114"}],"wp:featuredmedia":[{"embeddable":true,"href":"https:\/\/getisfast.com\/it\/wp-json\/wp\/v2\/media\/37113"}],"wp:attachment":[{"href":"https:\/\/getisfast.com\/it\/wp-json\/wp\/v2\/media?parent=37114"}],"wp:term":[{"taxonomy":"product_cat","embeddable":true,"href":"https:\/\/getisfast.com\/it\/wp-json\/wp\/v2\/product_cat?post=37114"},{"taxonomy":"product_tag","embeddable":true,"href":"https:\/\/getisfast.com\/it\/wp-json\/wp\/v2\/product_tag?post=37114"}],"curies":[{"name":"wp","href":"https:\/\/api.w.org\/{rel}","templated":true}]}}