{"id":36754,"date":"2023-02-02T14:58:52","date_gmt":"2023-02-02T13:58:52","guid":{"rendered":"https:\/\/getisfast.com\/it\/prodotto\/paintroll\/"},"modified":"2023-02-02T15:01:33","modified_gmt":"2023-02-02T14:01:33","slug":"paintroll","status":"publish","type":"product","link":"https:\/\/getisfast.com\/it\/prodotto\/paintroll\/","title":{"rendered":"PaintRoll &#8211; Rotolo da colorare"},"content":{"rendered":"","protected":false},"excerpt":{"rendered":"<p>PaintRoll \u00e8 un rotolo da colorare che si pu\u00f2 attaccare al muro, ai mobili, al tavolo, al pavimento, ecc. \u00c8 adatto a quasi tutti i materiali artistici per colorare ed \u00e8 ottimo per la creativit\u00e0 e l&#8217;immaginazione dei bambini. PaintRoll pu\u00f2 essere utilizzato per disegni, graffiti, lavoretti o come carta architettonica ed \u00e8 perfetto per la scuola e il lavoro.<\/p>\n","protected":false},"featured_media":36753,"comment_status":"closed","ping_status":"closed","template":"","meta":{"inline_featured_image":false},"product_cat":[179,16,74,89],"product_tag":[],"acf":[],"_links":{"self":[{"href":"https:\/\/getisfast.com\/it\/wp-json\/wp\/v2\/product\/36754"}],"collection":[{"href":"https:\/\/getisfast.com\/it\/wp-json\/wp\/v2\/product"}],"about":[{"href":"https:\/\/getisfast.com\/it\/wp-json\/wp\/v2\/types\/product"}],"replies":[{"embeddable":true,"href":"https:\/\/getisfast.com\/it\/wp-json\/wp\/v2\/comments?post=36754"}],"wp:featuredmedia":[{"embeddable":true,"href":"https:\/\/getisfast.com\/it\/wp-json\/wp\/v2\/media\/36753"}],"wp:attachment":[{"href":"https:\/\/getisfast.com\/it\/wp-json\/wp\/v2\/media?parent=36754"}],"wp:term":[{"taxonomy":"product_cat","embeddable":true,"href":"https:\/\/getisfast.com\/it\/wp-json\/wp\/v2\/product_cat?post=36754"},{"taxonomy":"product_tag","embeddable":true,"href":"https:\/\/getisfast.com\/it\/wp-json\/wp\/v2\/product_tag?post=36754"}],"curies":[{"name":"wp","href":"https:\/\/api.w.org\/{rel}","templated":true}]}}